{"id":1011,"date":"2013-02-08T15:28:42","date_gmt":"2013-02-08T14:28:42","guid":{"rendered":"http:\/\/blog.m-ri.de\/?page_id=1011"},"modified":"2017-06-20T14:30:55","modified_gmt":"2017-06-20T12:30:55","slug":"gc4d1dp","status":"publish","type":"page","link":"http:\/\/blog.m-ri.de\/index.php\/verschiedenes\/nuetzliche-links\/gc4d1dp\/","title":{"rendered":"GC4D1DP"},"content":{"rendered":"<p>WOW! Was man nicht alles im Netz findet&#8230; \ud83d\ude0e<\/p>\n<p>Das ist die L\u00f6sung f\u00fcr das R\u00e4tsel <a href=\"http:\/\/coord.info\/GC4D1DP\">GC4D1DP<\/a>:<br \/>\n<strong><a href=\"https:\/\/www.google.de\/maps\/place\/50\u00b008'34.4&quot;N+8\u00b056'06.9&quot;E\/@50.1429034,8.933056,17z\">N50 08.574 E008 56.115<\/a>\u00a0<\/strong><\/p>\n<p>Die Koordinaten wurden ge\u00e4ndert am 20.06.2017!<br \/>\nDer Cache befindet sich am Boden unter einem <strong>kleinen Stein, noch vor dem Baum<\/strong>!<\/p>\n","protected":false},"excerpt":{"rendered":"<p>WOW! Was man nicht alles im Netz findet&#8230; \ud83d\ude0e Das ist die L\u00f6sung f\u00fcr das R\u00e4tsel GC4D1DP: N50 08.574 E008 56.115\u00a0 Die Koordinaten wurden ge\u00e4ndert am 20.06.2017! Der Cache befindet sich am Boden unter einem kleinen Stein, noch vor dem Baum!<\/p>\n","protected":false},"author":1,"featured_media":0,"parent":109,"menu_order":1,"comment_status":"open","ping_status":"closed","template":"","meta":{"footnotes":""},"class_list":["post-1011","page","type-page","status-publish","hentry"],"jetpack_sharing_enabled":false,"_links":{"self":[{"href":"http:\/\/blog.m-ri.de\/index.php\/wp-json\/wp\/v2\/pages\/1011","targetHints":{"allow":["GET"]}}],"collection":[{"href":"http:\/\/blog.m-ri.de\/index.php\/wp-json\/wp\/v2\/pages"}],"about":[{"href":"http:\/\/blog.m-ri.de\/index.php\/wp-json\/wp\/v2\/types\/page"}],"author":[{"embeddable":true,"href":"http:\/\/blog.m-ri.de\/index.php\/wp-json\/wp\/v2\/users\/1"}],"replies":[{"embeddable":true,"href":"http:\/\/blog.m-ri.de\/index.php\/wp-json\/wp\/v2\/comments?post=1011"}],"version-history":[{"count":1,"href":"http:\/\/blog.m-ri.de\/index.php\/wp-json\/wp\/v2\/pages\/1011\/revisions"}],"predecessor-version":[{"id":1132,"href":"http:\/\/blog.m-ri.de\/index.php\/wp-json\/wp\/v2\/pages\/1011\/revisions\/1132"}],"up":[{"embeddable":true,"href":"http:\/\/blog.m-ri.de\/index.php\/wp-json\/wp\/v2\/pages\/109"}],"wp:attachment":[{"href":"http:\/\/blog.m-ri.de\/index.php\/wp-json\/wp\/v2\/media?parent=1011"}],"curies":[{"name":"wp","href":"https:\/\/api.w.org\/{rel}","templated":true}]}}