{"id":107,"date":"2007-08-28T13:03:51","date_gmt":"2007-08-28T11:03:51","guid":{"rendered":"http:\/\/blog.m-ri.de\/index.php\/verschiedenes\/"},"modified":"2009-02-05T08:32:15","modified_gmt":"2009-02-05T07:32:15","slug":"verschiedenes","status":"publish","type":"page","link":"http:\/\/blog.m-ri.de\/index.php\/verschiedenes\/","title":{"rendered":"Verschiedenes"},"content":{"rendered":"<p>Hier eine kleine Sammlung von verschiedenen Beitr\u00e4gen die mehr oder weniger regelm\u00e4ssig aktualisiert werden und nicht unbedingt in das Blog-Muster passen, oder eine \u00dcbersichten zu bestimmten Themengruppen enthalten.<\/p>\n<p>Da ist zum einen eine kleine Sammlung von <a href=\"http:\/\/blog.m-ri.de\/index.php\/verschiedenes\/tipps-tricks-und-rund-um-visual-studio\/\">Tipps und Tricks zu Visual Studio<\/a>\u00a0und eine kleine Liste von <a href=\"http:\/\/blog.m-ri.de\/index.php\/verschiedenes\/nette-sprueche\/\">netten Spr\u00fcchen<\/a>, die ich im Netzt so gelesen und gefunden habe.<\/p>\n<p>Zus\u00e4tzlich habe ich eine Seite mit <a href=\"http:\/\/blog.m-ri.de\/index.php\/verschiedenes\/code-snippets\/\">Code Snippets<\/a> hinzugef\u00fcgt wo ich einfach n\u00fctzlichen Code sammeln und diskutieren m\u00f6chte.<\/p>\n<p>Und last but not least darf nat\u00fcrlich auch eine Seite mit ein paar <a href=\"http:\/\/blog.m-ri.de\/index.php\/verschiedenes\/nuetzliche-links\/\">n\u00fctzlichen Links<\/a> nicht fehlen&#8230; \ud83d\ude42<\/p>\n","protected":false},"excerpt":{"rendered":"<p>Hier eine kleine Sammlung von verschiedenen Beitr\u00e4gen die mehr oder weniger regelm\u00e4ssig aktualisiert werden und nicht unbedingt in das Blog-Muster passen, oder eine \u00dcbersichten zu bestimmten Themengruppen enthalten. Da ist zum einen eine kleine Sammlung von Tipps und Tricks zu Visual Studio\u00a0und eine kleine Liste von netten Spr\u00fcchen, die ich im Netzt so gelesen und &hellip; <a href=\"http:\/\/blog.m-ri.de\/index.php\/verschiedenes\/\" class=\"more-link\"><span class=\"screen-reader-text\">\u201eVerschiedenes\u201c <\/span>weiterlesen<\/a><\/p>\n","protected":false},"author":1,"featured_media":0,"parent":0,"menu_order":0,"comment_status":"open","ping_status":"open","template":"","meta":{"footnotes":""},"class_list":["post-107","page","type-page","status-publish","hentry"],"jetpack_sharing_enabled":true,"_links":{"self":[{"href":"http:\/\/blog.m-ri.de\/index.php\/wp-json\/wp\/v2\/pages\/107","targetHints":{"allow":["GET"]}}],"collection":[{"href":"http:\/\/blog.m-ri.de\/index.php\/wp-json\/wp\/v2\/pages"}],"about":[{"href":"http:\/\/blog.m-ri.de\/index.php\/wp-json\/wp\/v2\/types\/page"}],"author":[{"embeddable":true,"href":"http:\/\/blog.m-ri.de\/index.php\/wp-json\/wp\/v2\/users\/1"}],"replies":[{"embeddable":true,"href":"http:\/\/blog.m-ri.de\/index.php\/wp-json\/wp\/v2\/comments?post=107"}],"version-history":[{"count":1,"href":"http:\/\/blog.m-ri.de\/index.php\/wp-json\/wp\/v2\/pages\/107\/revisions"}],"predecessor-version":[{"id":420,"href":"http:\/\/blog.m-ri.de\/index.php\/wp-json\/wp\/v2\/pages\/107\/revisions\/420"}],"wp:attachment":[{"href":"http:\/\/blog.m-ri.de\/index.php\/wp-json\/wp\/v2\/media?parent=107"}],"curies":[{"name":"wp","href":"https:\/\/api.w.org\/{rel}","templated":true}]}}