{"id":109,"date":"2007-08-30T14:12:21","date_gmt":"2007-08-30T12:12:21","guid":{"rendered":"http:\/\/blog.m-ri.de\/index.php\/verschiedenes\/nuetzliche-links\/"},"modified":"2017-03-02T12:20:35","modified_gmt":"2017-03-02T11:20:35","slug":"nuetzliche-links","status":"publish","type":"page","link":"http:\/\/blog.m-ri.de\/index.php\/verschiedenes\/nuetzliche-links\/","title":{"rendered":"N\u00fctzliche Links"},"content":{"rendered":"<h3>Tools<\/h3>\n<ol>\n<li><strong>Platform SDK<br \/>\n<\/strong>Das letzte Platform SDK, dass mit VC-6 funktioniert ist die Windows Server 2003 Version vom Februar 2003:<br \/>\n<a href=\"http:\/\/www.microsoft.com\/msdownload\/platformsdk\/sdkupdate\/psdk-full.htm\">http:\/\/www.microsoft.com\/msdownload\/platformsdk\/sdkupdate\/psdk-full.htm<\/a><\/li>\n<li><strong>Der Dependancy Walker<br \/>\n<\/strong>Hier der Link auf die aktuelle Version des unverzichtbaren Tools:<br \/>\n<a href=\"http:\/\/www.dependencywalker.com\/\">http:\/\/www.dependencywalker.com\/<\/a><\/li>\n<\/ol>\n<h3>Nette Helfer im Netz<\/h3>\n<ol>\n<li><strong>Das Internet Archive WaybackMachine<\/strong><br \/>\n<a href=\"http:\/\/www.archive.org\/web\/web.php\">http:\/\/www.archive.org\/web\/web.php<\/a><br \/>\nDer unabdingbare Helfer zum aufsp\u00fcren alter Artikel (bseonders in der MSDN).<\/li>\n<\/ol>\n<h3>Gute lesenswerte Artikel mit viel Gehalt<\/h3>\n<ol>\n<li><strong>Tiptoe Through the ToolTips With Our All-Encompassing ToolTip Programmer&#8217;s Guide<\/strong><br \/>\n<a href=\"http:\/\/www.microsoft.com\/msj\/0497\/tooltip\/tooltip.aspx\">http:\/\/www.microsoft.com\/msj\/0497\/tooltip\/tooltip.aspx<\/a><br \/>\nEin Artikel, der fast nichts ausl\u00e4sst was Tooltips betrifft<\/li>\n<li><strong>Use of Two-Dimensional Vectors with Windows NT<br \/>\n<\/strong><a href=\"http:\/\/msdn.microsoft.com\/en-us\/library\/ms969932.aspx\">http:\/\/msdn.microsoft.com\/en-us\/library\/ms969932.aspx<\/a><br \/>\n<strong>Win32: Hit Testing Lines and Curves<br \/>\n<\/strong>Eine prima Einf\u00fchrung wenn man es mal mit komplexeren Darstellungen und dem aufsp\u00fcren von Punkten auf Linien und Bezierkurven zu tun hat. Ist zwar C Code, aber dennoch n\u00fctzlich und leicht zu portieren.<\/li>\n<\/ol>\n<h3>Gute Ans\u00e4tze in Codeproject<\/h3>\n<ol>\n<li><strong>Ein guter Ansatz f\u00fcr das Drucken ohne Doc\/View<br \/>\n<\/strong><a href=\"http:\/\/www.codeproject.com\/KB\/printing\/printingmadeeasy.aspx\">http:\/\/www.codeproject.com\/KB\/printing\/printingmadeeasy.aspx<\/a><br \/>\nMan sollte zwar einiges anpassen, aber die Idee f\u00fcr das Drucken gerade von Tabellen ist simpel und gut. Mit etwas Einsatz bekommt man einfache Wrapper die universell zum Beispiel auch List Controls zum drucken bringen.<\/li>\n<li><strong>Wie man MFC und CRT DLLs als private Assemblies nutzt<\/strong><br \/>\n<a href=\"http:\/\/www.codeproject.com\/KB\/cpp\/PrivateAssemblyProjects.aspx\">http:\/\/www.codeproject.com\/KB\/cpp\/PrivateAssemblyProjects.aspx<\/a><br \/>\nManch einer ist auf MFC und CRT in der DLL Version angewiesen, aber m\u00f6chte keine Runtime instalieren. Dieser Artikel von mir beschreibt wie man zu einer Xcopy Instalation kommt.<\/li>\n<li><strong>Guter Ansatz wenn man Resizable Dialoge nutzen will<br \/>\n<\/strong>Einmal von Paolo Messina<br \/>\n<a href=\"http:\/\/www.codeproject.com\/KB\/dialog\/resizablelib.aspx\">http:\/\/www.codeproject.com\/KB\/dialog\/resizablelib.aspx<\/a><br \/>\nund einmal von Paul DiLascia (leider ist Paul viel zu fr\u00fch 2008 verstorben)<br \/>\n<a href=\"http:\/\/www.pauldilascia.com\/PixieDoc.htm#CSizeableDlg\">http:\/\/www.pauldilascia.com\/PixieDoc.htm#CSizeableDlg<\/a><br \/>\n<a href=\"http:\/\/web.archive.org\/web\/20030814094414\/msdn.microsoft.com\/msdnmag\/issues\/01\/07\/winmgr\/default.aspx\">http:\/\/web.archive.org\/web\/20030814094414\/msdn.microsoft.com\/msdnmag\/issues\/01\/07\/winmgr\/default.aspx<\/a><\/li>\n<\/ol>\n<h3>Immer wieder gefragt<\/h3>\n<ol>\n<li><strong>Creating a Child Process with Redirected Input and Output (Windows)<br \/>\n<\/strong><a href=\"http:\/\/msdn.microsoft.com\/en-us\/library\/ms682499(VS.85).aspx\">http:\/\/msdn.microsoft.com\/en-us\/library\/ms682499(VS.85).aspx<\/a><\/li>\n<\/ol>\n","protected":false},"excerpt":{"rendered":"<p>Tools Platform SDK Das letzte Platform SDK, dass mit VC-6 funktioniert ist die Windows Server 2003 Version vom Februar 2003: http:\/\/www.microsoft.com\/msdownload\/platformsdk\/sdkupdate\/psdk-full.htm Der Dependancy Walker Hier der Link auf die aktuelle Version des unverzichtbaren Tools: http:\/\/www.dependencywalker.com\/ Nette Helfer im Netz Das Internet Archive WaybackMachine http:\/\/www.archive.org\/web\/web.php Der unabdingbare Helfer zum aufsp\u00fcren alter Artikel (bseonders in der MSDN). &hellip; <a href=\"http:\/\/blog.m-ri.de\/index.php\/verschiedenes\/nuetzliche-links\/\" class=\"more-link\"><span class=\"screen-reader-text\">\u201eN\u00fctzliche Links\u201c <\/span>weiterlesen<\/a><\/p>\n","protected":false},"author":1,"featured_media":0,"parent":107,"menu_order":100,"comment_status":"open","ping_status":"open","template":"","meta":{"footnotes":""},"class_list":["post-109","page","type-page","status-publish","hentry"],"jetpack_sharing_enabled":true,"_links":{"self":[{"href":"http:\/\/blog.m-ri.de\/index.php\/wp-json\/wp\/v2\/pages\/109","targetHints":{"allow":["GET"]}}],"collection":[{"href":"http:\/\/blog.m-ri.de\/index.php\/wp-json\/wp\/v2\/pages"}],"about":[{"href":"http:\/\/blog.m-ri.de\/index.php\/wp-json\/wp\/v2\/types\/page"}],"author":[{"embeddable":true,"href":"http:\/\/blog.m-ri.de\/index.php\/wp-json\/wp\/v2\/users\/1"}],"replies":[{"embeddable":true,"href":"http:\/\/blog.m-ri.de\/index.php\/wp-json\/wp\/v2\/comments?post=109"}],"version-history":[{"count":0,"href":"http:\/\/blog.m-ri.de\/index.php\/wp-json\/wp\/v2\/pages\/109\/revisions"}],"up":[{"embeddable":true,"href":"http:\/\/blog.m-ri.de\/index.php\/wp-json\/wp\/v2\/pages\/107"}],"wp:attachment":[{"href":"http:\/\/blog.m-ri.de\/index.php\/wp-json\/wp\/v2\/media?parent=109"}],"curies":[{"name":"wp","href":"https:\/\/api.w.org\/{rel}","templated":true}]}}