{"id":2,"date":"2006-11-07T21:50:43","date_gmt":"2006-11-07T20:50:43","guid":{"rendered":""},"modified":"2010-10-01T07:03:21","modified_gmt":"2010-10-01T06:03:21","slug":"ueber","status":"publish","type":"page","link":"http:\/\/blog.m-ri.de\/index.php\/ueber\/","title":{"rendered":"\u00dcber mich"},"content":{"rendered":"<p>Diesen Blog hatte ich mir schon lange vorgenommen. Ich wollte ein einfaches Medium, in dem ich schnell ein paar kleine Artikel ver\u00f6ffentlichen kann. Artikel, die Dinge und Themen behandeln, die mir tagt\u00e4glich bei der Arbeit und beim Programmieren \u00fcber den Weg laufen.<br \/>\nDie meisten Sachen hierbei begegnen mir auch in den Foren, in denen ich mich tummele. Im Dezember 2006 hatte ich dann endlich Zeit dieses Projekt durchzuziehen und seit dem blogge ich mehr oder weniger regelm\u00e4\u00dfig.<\/p>\n<p>Ein Vorbild war mir Jochen Kalmbachs Blog <a href=\"http:\/\/blog.kalmbachnet.de\/\" target=\"_blank\">http:\/\/blog.kalmbachnet.de\/<\/a>\u00a0meinem Deutschen Mit-MVP! Vergangenheit, weil er sein Blog umgestellt hat und er leider aus zeitlichen Gr\u00fcnden sein neues Blog nicht so mehr regelm\u00e4\u00dfig weitergepflegt hat.<\/p>\n<p>Es soll aber niemanden wundern, wenn ich hier auf diesen Seiten auch ein paar andere Sachen ver\u00f6ffentliche. Denn Programmieren ist nicht das Einzige in meinem Leben \ud83d\ude09<br \/>\nEin kleines Hobby, das ich auf diesem Blog\u00a0auslebe\u00a0ist eine Vorliebe f\u00fcr <a href=\"http:\/\/blog.m-ri.de\/index.php\/verschiedenes\/nette-sprueche\/\">sch\u00f6ne Zitate und nette Spr\u00fcche<\/a>. Diese \u00a0Seite hat es in der Google Suche schon unter die Top-5 gebracht, was mich schon erstaunt, weil dies gar nicht der prim\u00e4re Fokus dieses Blogs ist. Aber es freut mich auch sehr, wenn ich die hohen Zugriffszahlen auf diese Seite sehe!<\/p>\n<p>Jetzt wirklich noch was \u00fcber mich:<br \/>\nIch arbeite als Software Entwickler seit 1979. Seit 1989 bin ich die Software Entwicklung eines kleinen Softwarehauses. Die meiste Zeit in all den Jahren habe ich mit C\/C++ Entwicklung verbracht und die letzten\u00a0Jahre &#8211; seit 1991, d.h. seit Windows 3.0 &#8211;\u00a0haupts\u00e4chlich in\u00a0der Windows-Welt. Im Jahr 2000 bin ich dann von Microsoft das erste Mal zum <a title=\"MVP\" href=\"http:\/\/blog.m-ri.de\/index.php\/ueber\/mvp\/\">MVP<\/a> ernannt worden.<\/p>\n<p>CU&#8230;<\/p>\n","protected":false},"excerpt":{"rendered":"<p>Diesen Blog hatte ich mir schon lange vorgenommen. Ich wollte ein einfaches Medium, in dem ich schnell ein paar kleine Artikel ver\u00f6ffentlichen kann. Artikel, die Dinge und Themen behandeln, die mir tagt\u00e4glich bei der Arbeit und beim Programmieren \u00fcber den Weg laufen. Die meisten Sachen hierbei begegnen mir auch in den Foren, in denen ich &hellip; <a href=\"http:\/\/blog.m-ri.de\/index.php\/ueber\/\" class=\"more-link\"><span class=\"screen-reader-text\">\u201e\u00dcber mich\u201c <\/span>weiterlesen<\/a><\/p>\n","protected":false},"author":1,"featured_media":0,"parent":0,"menu_order":50,"comment_status":"open","ping_status":"open","template":"","meta":{"footnotes":""},"class_list":["post-2","page","type-page","status-publish","hentry"],"jetpack_sharing_enabled":true,"_links":{"self":[{"href":"http:\/\/blog.m-ri.de\/index.php\/wp-json\/wp\/v2\/pages\/2","targetHints":{"allow":["GET"]}}],"collection":[{"href":"http:\/\/blog.m-ri.de\/index.php\/wp-json\/wp\/v2\/pages"}],"about":[{"href":"http:\/\/blog.m-ri.de\/index.php\/wp-json\/wp\/v2\/types\/page"}],"author":[{"embeddable":true,"href":"http:\/\/blog.m-ri.de\/index.php\/wp-json\/wp\/v2\/users\/1"}],"replies":[{"embeddable":true,"href":"http:\/\/blog.m-ri.de\/index.php\/wp-json\/wp\/v2\/comments?post=2"}],"version-history":[{"count":1,"href":"http:\/\/blog.m-ri.de\/index.php\/wp-json\/wp\/v2\/pages\/2\/revisions"}],"predecessor-version":[{"id":374,"href":"http:\/\/blog.m-ri.de\/index.php\/wp-json\/wp\/v2\/pages\/2\/revisions\/374"}],"wp:attachment":[{"href":"http:\/\/blog.m-ri.de\/index.php\/wp-json\/wp\/v2\/media?parent=2"}],"curies":[{"name":"wp","href":"https:\/\/api.w.org\/{rel}","templated":true}]}}