{"id":3,"date":"2007-01-06T16:35:59","date_gmt":"2007-01-06T15:35:59","guid":{"rendered":"http:\/\/blog.m-ri.de\/index.php\/impressum\/"},"modified":"2017-05-19T14:10:50","modified_gmt":"2017-05-19T12:10:50","slug":"impressum","status":"publish","type":"page","link":"http:\/\/blog.m-ri.de\/index.php\/impressum\/","title":{"rendered":"Impressum"},"content":{"rendered":"<h3><strong>Kontaktinformation + Impressum<\/strong><\/h3>\n<dl>\n<dd>Martin Richter<br \/>\nAlter Kleinbahnweg 2<br \/>\n63571 Gelnhausen-Meerholz<br \/>\n<span style=\"font-family: Wingdings;\">(<\/span>\u00a0\u00a0\u00a0\u00a0\u00a0\u00a0\u00a0 06051 \/ 68241<br \/>\nEmail\u00a0\u00a0\u00a0 <a href=\"mailto:webmaster@m-ri.de\">webmaster@m-ri.de<\/a><\/dd>\n<dt><\/dt>\n<dt><\/dt>\n<dt><strong>Inhaltlich Verantwortlicher gem\u00e4\u00df \u00a7 10 Absatz 3 MDStV: <\/strong><\/dt>\n<dd>Martin Richter (Anschrift wie oben)<strong>\u00a0<\/strong><\/dd>\n<\/dl>\n<p><strong>Haftungshinweis:<br \/>\n<\/strong>Trotz sorgf\u00e4ltiger inhaltlicher Kontrolle \u00fcbernehmen wir keine Haftung f\u00fcr die Inhalte externer Links. F\u00fcr den Inhalt der verlinkten Seiten sind ausschlie\u00dflich deren Betreiber verantwortlich.<\/p>\n<p>Beachten Sie auch diesen Link bzgl. des <a title=\"Datenschutz\" href=\"http:\/\/blog.m-ri.de\/index.php\/datenschutz\/\">Datenschutzes<\/a>.<\/p>\n<dl><\/dl>\n","protected":false},"excerpt":{"rendered":"<p>Kontaktinformation + Impressum Martin Richter Alter Kleinbahnweg 2 63571 Gelnhausen-Meerholz (\u00a0\u00a0\u00a0\u00a0\u00a0\u00a0\u00a0 06051 \/ 68241 Email\u00a0\u00a0\u00a0 webmaster@m-ri.de Inhaltlich Verantwortlicher gem\u00e4\u00df \u00a7 10 Absatz 3 MDStV: Martin Richter (Anschrift wie oben)\u00a0 Haftungshinweis: Trotz sorgf\u00e4ltiger inhaltlicher Kontrolle \u00fcbernehmen wir keine Haftung f\u00fcr die Inhalte externer Links. F\u00fcr den Inhalt der verlinkten Seiten sind ausschlie\u00dflich deren Betreiber verantwortlich. Beachten &hellip; <a href=\"http:\/\/blog.m-ri.de\/index.php\/impressum\/\" class=\"more-link\"><span class=\"screen-reader-text\">\u201eImpressum\u201c <\/span>weiterlesen<\/a><\/p>\n","protected":false},"author":1,"featured_media":0,"parent":0,"menu_order":99,"comment_status":"open","ping_status":"open","template":"","meta":{"footnotes":""},"class_list":["post-3","page","type-page","status-publish","hentry"],"jetpack_sharing_enabled":true,"_links":{"self":[{"href":"http:\/\/blog.m-ri.de\/index.php\/wp-json\/wp\/v2\/pages\/3","targetHints":{"allow":["GET"]}}],"collection":[{"href":"http:\/\/blog.m-ri.de\/index.php\/wp-json\/wp\/v2\/pages"}],"about":[{"href":"http:\/\/blog.m-ri.de\/index.php\/wp-json\/wp\/v2\/types\/page"}],"author":[{"embeddable":true,"href":"http:\/\/blog.m-ri.de\/index.php\/wp-json\/wp\/v2\/users\/1"}],"replies":[{"embeddable":true,"href":"http:\/\/blog.m-ri.de\/index.php\/wp-json\/wp\/v2\/comments?post=3"}],"version-history":[{"count":0,"href":"http:\/\/blog.m-ri.de\/index.php\/wp-json\/wp\/v2\/pages\/3\/revisions"}],"wp:attachment":[{"href":"http:\/\/blog.m-ri.de\/index.php\/wp-json\/wp\/v2\/media?parent=3"}],"curies":[{"name":"wp","href":"https:\/\/api.w.org\/{rel}","templated":true}]}}