{"id":7,"date":"2007-01-06T18:19:04","date_gmt":"2007-01-06T17:19:04","guid":{"rendered":"http:\/\/blog.m-ri.de\/index.php\/ueber\/zu-dem-bild-in-diesem-theme\/"},"modified":"2023-11-14T18:17:15","modified_gmt":"2023-11-14T17:17:15","slug":"zu-dem-bild-in-diesem-theme","status":"publish","type":"page","link":"http:\/\/blog.m-ri.de\/index.php\/ueber\/zu-dem-bild-in-diesem-theme\/","title":{"rendered":"Dieses Theme"},"content":{"rendered":"<p>Dieses Bild aus dem Fasttrack Theme hat mich begeistert. Es ist an sich der einzige Grund warum ich dieses Theme ausgew\u00e4hlt habe.<\/p>\n<p>Warum? Schwer zu sagen. Ein Stichwort hier ist <strong>&#8222;auf dem Weg sein&#8220;<\/strong>.<br \/>\nUnd es ist meine feste \u00dcberzeugung, dass wir als Menschen immer auf dem Weg sind, bis wir an einem Ziel au\u00dferhalb dieser Welt ankommen.<\/p>\n<p>Unterstreichen m\u00f6chte ich dies noch mit einem meiner Lieblings Bibeltexte\u00a0aus Philipper 3, 12-14 (nach der <em>Hoffnung f\u00fcr Alle<\/em>):<\/p>\n<p><em>Dabei ist mir klar, dass ich dies alles noch lange nicht erreicht habe, dass ich noch nicht am Ziel bin. Doch ich setze alles daran, das Ziel zu erreichen, damit der Siegespreis einmal mir geh\u00f6rt, wie ich jetzt schon zu Christus geh\u00f6re. Wie gesagt, meine lieben Br\u00fcder, ich wei\u00df genau: Noch habe ich den Preis nicht in der Hand. Aber eins steht fest, dass ich alles vergessen will, was hinter mir liegt. Ich konzentriere mich nur noch auf das vor mir liegende Ziel. Mit aller Kraft laufe ich darauf zu, um den Siegespreis zu gewinnen, das Leben in Gottes Herrlichkeit. Denn dazu hat uns Gott durch Jesus Christus berufen.<\/em><\/p>\n","protected":false},"excerpt":{"rendered":"<p>Dieses Bild aus dem Fasttrack Theme hat mich begeistert. Es ist an sich der einzige Grund warum ich dieses Theme ausgew\u00e4hlt habe. Warum? Schwer zu sagen. Ein Stichwort hier ist &#8222;auf dem Weg sein&#8220;. Und es ist meine feste \u00dcberzeugung, dass wir als Menschen immer auf dem Weg sind, bis wir an einem Ziel au\u00dferhalb &hellip; <a href=\"http:\/\/blog.m-ri.de\/index.php\/ueber\/zu-dem-bild-in-diesem-theme\/\" class=\"more-link\"><span class=\"screen-reader-text\">\u201eDieses Theme\u201c <\/span>weiterlesen<\/a><\/p>\n","protected":false},"author":1,"featured_media":0,"parent":2,"menu_order":0,"comment_status":"open","ping_status":"open","template":"","meta":{"footnotes":""},"class_list":["post-7","page","type-page","status-publish","hentry"],"jetpack_sharing_enabled":true,"_links":{"self":[{"href":"http:\/\/blog.m-ri.de\/index.php\/wp-json\/wp\/v2\/pages\/7","targetHints":{"allow":["GET"]}}],"collection":[{"href":"http:\/\/blog.m-ri.de\/index.php\/wp-json\/wp\/v2\/pages"}],"about":[{"href":"http:\/\/blog.m-ri.de\/index.php\/wp-json\/wp\/v2\/types\/page"}],"author":[{"embeddable":true,"href":"http:\/\/blog.m-ri.de\/index.php\/wp-json\/wp\/v2\/users\/1"}],"replies":[{"embeddable":true,"href":"http:\/\/blog.m-ri.de\/index.php\/wp-json\/wp\/v2\/comments?post=7"}],"version-history":[{"count":1,"href":"http:\/\/blog.m-ri.de\/index.php\/wp-json\/wp\/v2\/pages\/7\/revisions"}],"predecessor-version":[{"id":1488,"href":"http:\/\/blog.m-ri.de\/index.php\/wp-json\/wp\/v2\/pages\/7\/revisions\/1488"}],"up":[{"embeddable":true,"href":"http:\/\/blog.m-ri.de\/index.php\/wp-json\/wp\/v2\/pages\/2"}],"wp:attachment":[{"href":"http:\/\/blog.m-ri.de\/index.php\/wp-json\/wp\/v2\/media?parent=7"}],"curies":[{"name":"wp","href":"https:\/\/api.w.org\/{rel}","templated":true}]}}