{"id":93,"date":"2007-07-24T08:45:54","date_gmt":"2007-07-24T06:45:54","guid":{"rendered":"http:\/\/blog.m-ri.de\/index.php\/tipps-tricks-und-rund-um-visual-studio\/"},"modified":"2023-11-14T18:18:41","modified_gmt":"2023-11-14T17:18:41","slug":"tipps-tricks-und-rund-um-visual-studio","status":"publish","type":"page","link":"http:\/\/blog.m-ri.de\/index.php\/verschiedenes\/tipps-tricks-und-rund-um-visual-studio\/","title":{"rendered":"Tipps &#038; Tricks rund um Visual Studio"},"content":{"rendered":"<p>In der Newsgroup <em><a href=\"http:\/\/www.microsoft.com\/communities\/newsgroups\/list\/en-us\/default.aspx?dg=microsoft.public.de.vc&amp;exp=1\">microsoft.public.de.vc<\/a> (lang, lang ist es her) <\/em>kam die Frage auf, ob es eine Seite mit speziellen Tipps und Tricks gibt f\u00fcr <em>Visual Studio<\/em>. Meines Wissens nach gibt es so etwas leider nicht. Auf dieser Seiten m\u00f6chte ich einige Tipps und Tricks sammeln, was man in <em>Visual-Studio <\/em>sonst vielleicht schon mal \u00fcbersieht.<br \/>\nManche Funktionen sind versteckt, unbekannt oder nicht dokumentiert bergen aber oft viel Produktivit\u00e4t in sich.<\/p>\n<p>Wer etwas beizusteuern hat, kann gerne eine Email an mich senden.<\/p>\n<p>Die entsprechenden Funktionen sind hier noch einmal gesammelt und gruppiert.<br \/>\nVorgestellt wurden die Funktionen in meinem Blog in einzelnen Artikeln.<\/p>\n<p>Falls diese Liste noch nicht \u00fcberabeitet wurde findet man alle Artikel hier \u00fcber die entsprechende Kategorie <a title=\"Sammlung von vielen Artikeln, die einem das Leben mit VS leichte machen k\u00f6nnen.\" href=\"http:\/\/blog.m-ri.de\/index.php\/category\/programmieren\/vs-tipps-tricks\/\">VS-Tipps&amp;Tricks<\/a>!<\/p>\n<p><strong>IDE<\/strong><\/p>\n<blockquote><p><a href=\"http:\/\/blog.m-ri.de\/index.php\/2007\/03\/21\/kann-man-intellisense-in-vs-2005-ausschalten\/\">Kann man Intellisense in VS-2005 ausschalten?<\/a><br \/>\n<a href=\"http:\/\/blog.m-ri.de\/index.php\/2007\/09\/08\/vs-tipps-tricks-tastatureinstellungen-einfach-auf-einen-anderen-rechner-uebernehmen\/\">Tastatureinstellungen einfach auf einen anderen Rechner \u00fcbernehmen<\/a><br \/>\n<a href=\"http:\/\/blog.m-ri.de\/index.php\/2007\/09\/04\/vs-tipps-tricks-command-prompt-oeffnen-im-projektverzeichnis\/\">Command-Prompt \u00f6ffnen im Projektverzeichnis<\/a><br \/>\n<a href=\"http:\/\/blog.m-ri.de\/index.php\/2007\/09\/18\/vs-tipps-tricks-der-property-manager-der-unbekannte-helfer\/\">Der Property Manager, der unbekannte Helfer<\/a><br \/>\n<a href=\"http:\/\/blog.m-ri.de\/index.php\/2007\/10\/06\/vs-tipps-tricks-die-combobox-im-property-fenster-des-dialog-editors\/\">Die Combobox im Property Fenster des Dialog Editors<\/a><br \/>\n<a href=\"http:\/\/blog.m-ri.de\/index.php\/2007\/11\/01\/vs-tipps-tricks-synchronisation-und-navigation-mit-dem-solution-explorer\/\">Synchronisation und Navigation mit dem Solution Explorer<\/a><br \/>\n<a href=\"http:\/\/blog.m-ri.de\/index.php\/2007\/11\/19\/vs-tipps-tricks-einstellungen-fuer-visual-studio-mehreren-arbeitsplaetzen-gleich-halten\/\">Einstellungen f\u00fcr Visual Studio mehreren Arbeitspl\u00e4tzen gleich halten<\/a><\/p><\/blockquote>\n<p><strong>Maus &amp; Men\u00fcs:<\/strong><\/p>\n<blockquote><p><a href=\"http:\/\/blog.m-ri.de\/index.php\/2007\/04\/10\/blockmodus-aus-vc6-in-vsnet-2003-und-vs-2005\/\">Blockmodus aus VC6 in VS.NET 2003 und VS 2005<\/a><br \/>\n<a href=\"http:\/\/blog.m-ri.de\/index.php\/2007\/07\/26\/vs-tipps-tricks-direkte-befehlseingabe-ueber-schnellsuche\/\">Direkte Befehlseingabe \u00fcber Schnellsuche<\/a><br \/>\n<a href=\"http:\/\/blog.m-ri.de\/index.php\/2007\/07\/24\/vs-tipps-tricks-kontextmenue-auf-karteireitern\/\">Kontext Men\u00fc auf\u00a0Karteireiter<\/a><br \/>\n<a href=\"http:\/\/blog.m-ri.de\/index.php\/2007\/11\/12\/vs-tipps-tricks-anpassen-von-kontextmenues\/\">Anpassen von Kontextmen\u00fcs<\/a><strong>\u00a0<\/strong><\/p><\/blockquote>\n<p><strong>Tastatur:<\/strong><\/p>\n<blockquote><p><a href=\"http:\/\/blog.m-ri.de\/index.php\/2007\/08\/27\/vs-tipps-tricks-gruppieren-von-tastaturbefehlen\/\" rel=\"bookmark\">Gruppieren von Tastaturbefehlen<\/a><br \/>\n<a href=\"http:\/\/blog.m-ri.de\/index.php\/2007\/09\/09\/vs-tipps-tricks-das-menue-mit-der-liste-der-offenen-dateien-anzeigen\/\">Das Men\u00fc mit der Liste der offenen Dateien anzeigen<\/a><br \/>\n<a href=\"http:\/\/blog.m-ri.de\/index.php\/2007\/09\/10\/vs-tipps-tricks-schnelle-navigation-ueber-strgtab\/\">Schnelle Navigation mit Strg+Tab<\/a><br \/>\n<a href=\"http:\/\/blog.m-ri.de\/index.php\/2007\/10\/15\/vs-tipps-tricks-editgotobrace-strg-kann-noch-mehr\/\">Edit.GotoBrace (Strg+\u00b4) kann noch mehr<\/a><br \/>\n<a href=\"http:\/\/blog.m-ri.de\/index.php\/2008\/01\/26\/vs-tipps-tricks-einfaches-navigieren-mit-strg\/\">Einfaches Navigieren mit Strg+-<\/a><\/p><\/blockquote>\n<p><strong>Class View:<\/strong><\/p>\n<blockquote><p><a href=\"http:\/\/blog.m-ri.de\/index.php\/2007\/08\/14\/vs-tipps-tricks-schnelles-navigieren-im-class-view\/\">Schnelles Navigieren im Class View<\/a><\/p><\/blockquote>\n<p><strong>Debuggen:<\/strong><\/p>\n<blockquote><p><a href=\"http:\/\/blog.m-ri.de\/index.php\/2007\/10\/18\/vs-tipps-tricks-insert-tracepoint-der-nette-helfer-beim-debuggen\/\">Insert Tracepoint, der nette Helfer beim Debuggen<\/a><br \/>\n<a href=\"http:\/\/blog.m-ri.de\/index.php\/2007\/11\/16\/vs-tipps-tricks-tracepoints-die-zweite\/\">Tracepoints die zweite\u2026<\/a><\/p><\/blockquote>\n<p><strong>VA-X (<\/strong><a href=\"http:\/\/www.wholetomato.com\/\"><strong>http:\/\/www.wholetomato.com<\/strong><\/a><strong>):<\/strong><\/p>\n<blockquote><p><a href=\"http:\/\/blog.m-ri.de\/index.php\/2007\/09\/28\/vs-tipps-tricks-kontextmenue-fuer-refactor-befehle-in-va-x-ab-build-1557\/\">Kontextmen\u00fc f\u00fcr Refactor Befehle in VA-X ab Build 1557<\/a><\/p><\/blockquote>\n","protected":false},"excerpt":{"rendered":"<p>In der Newsgroup microsoft.public.de.vc (lang, lang ist es her) kam die Frage auf, ob es eine Seite mit speziellen Tipps und Tricks gibt f\u00fcr Visual Studio. Meines Wissens nach gibt es so etwas leider nicht. Auf dieser Seiten m\u00f6chte ich einige Tipps und Tricks sammeln, was man in Visual-Studio sonst vielleicht schon mal \u00fcbersieht. Manche &hellip; <a href=\"http:\/\/blog.m-ri.de\/index.php\/verschiedenes\/tipps-tricks-und-rund-um-visual-studio\/\" class=\"more-link\"><span class=\"screen-reader-text\">\u201eTipps &#038; Tricks rund um Visual Studio\u201c <\/span>weiterlesen<\/a><\/p>\n","protected":false},"author":1,"featured_media":0,"parent":107,"menu_order":1,"comment_status":"open","ping_status":"open","template":"","meta":{"footnotes":""},"class_list":["post-93","page","type-page","status-publish","hentry"],"jetpack_sharing_enabled":true,"_links":{"self":[{"href":"http:\/\/blog.m-ri.de\/index.php\/wp-json\/wp\/v2\/pages\/93","targetHints":{"allow":["GET"]}}],"collection":[{"href":"http:\/\/blog.m-ri.de\/index.php\/wp-json\/wp\/v2\/pages"}],"about":[{"href":"http:\/\/blog.m-ri.de\/index.php\/wp-json\/wp\/v2\/types\/page"}],"author":[{"embeddable":true,"href":"http:\/\/blog.m-ri.de\/index.php\/wp-json\/wp\/v2\/users\/1"}],"replies":[{"embeddable":true,"href":"http:\/\/blog.m-ri.de\/index.php\/wp-json\/wp\/v2\/comments?post=93"}],"version-history":[{"count":1,"href":"http:\/\/blog.m-ri.de\/index.php\/wp-json\/wp\/v2\/pages\/93\/revisions"}],"predecessor-version":[{"id":1490,"href":"http:\/\/blog.m-ri.de\/index.php\/wp-json\/wp\/v2\/pages\/93\/revisions\/1490"}],"up":[{"embeddable":true,"href":"http:\/\/blog.m-ri.de\/index.php\/wp-json\/wp\/v2\/pages\/107"}],"wp:attachment":[{"href":"http:\/\/blog.m-ri.de\/index.php\/wp-json\/wp\/v2\/media?parent=93"}],"curies":[{"name":"wp","href":"https:\/\/api.w.org\/{rel}","templated":true}]}}